{"id":5608,"date":"2024-04-09T18:28:30","date_gmt":"2024-04-09T21:28:30","guid":{"rendered":"https:\/\/asmsrl.ar\/?post_type=product&#038;p=5608"},"modified":"2024-04-11T15:35:41","modified_gmt":"2024-04-11T18:35:41","slug":"casa-en-venta-b-del-lago-candelaria-misiones","status":"publish","type":"product","link":"https:\/\/asmsrl.ar\/index.php\/producto\/casa-en-venta-b-del-lago-candelaria-misiones\/","title":{"rendered":"Casa en Venta, B\u00b0 del Lago, Candelaria &#8211; Misiones"},"content":{"rendered":"<div class=\"su-tabs su-tabs-style-default su-tabs-mobile-stack\" data-active=\"1\" data-scroll-offset=\"0\" data-anchor-in-url=\"no\"><div class=\"su-tabs-nav\"><span class=\"\" data-url=\"\" data-target=\"blank\" tabindex=\"0\" role=\"button\">Informaci\u00f3n<\/span><span class=\"\" data-url=\"\" data-target=\"blank\" tabindex=\"0\" role=\"button\">Localizaci\u00f3n<\/span><\/div><div class=\"su-tabs-panes\"><div class=\"su-tabs-pane su-u-clearfix su-u-trim\" data-title=\"Informaci\u00f3n\"><div class=\"su-list\" style=\"margin-left:0px\">\n<ul>\n<li><i class=\"sui sui-star\" style=\"color:#333\"><\/i> Excelente Propiedad!!!<\/li>\n<li><i class=\"sui sui-star\" style=\"color:#333\"><\/i> Casa 800 m2,Terreno total 2.300 m2, Ubicado por colectora Ruta 12.<\/li>\n<li><i class=\"sui sui-star\" style=\"color:#333\"><\/i> Cuenta con 4 Habitaciones, 1 Suite con vestidor, 3 ba\u00f1o, Cocina, Comedor, Living (todo amueblado). Amplio Garage, Quincho, \u00c1rea de servicio con habitaci\u00f3n suite, lavadero. Piscina de 9 mts<\/li>\n<li><i class=\"sui sui-star\" style=\"color:#333\"><\/i> Posee tambi\u00e9n Gimnasio, sala de juegos con mesa de Pool y Poker, 2 estudios, amplio terreno con hermoso paisajismo.<\/li>\n<\/ul>\n<\/div><\/div>\n<div class=\"su-tabs-pane su-u-clearfix su-u-trim\" data-title=\"Localizaci\u00f3n\"><div class=\"su-gmap su-u-responsive-media-yes\"><iframe width=\"600\" height=\"320\" src=\"\/\/maps.google.com\/maps?q=barrio%20del%20lago&amp;output=embed&amp;z=14\" title=\"Candelaria\"><\/iframe><\/div><\/div><\/div><\/div>\n<p>&nbsp;<\/p>\n<p>&nbsp;<\/p>\n","protected":false},"excerpt":{"rendered":"[su_box title=\"Env\u00edanos tus datos\" style=\"bubbles\"][wpforms id=\"25\"][\/su_box]\n","protected":false},"featured_media":5616,"comment_status":"closed","ping_status":"closed","template":"","meta":{"site-sidebar-layout":"default","site-content-layout":"default","ast-global-header-display":"","ast-main-header-display":"","ast-hfb-above-header-display":"","ast-hfb-below-header-display":"","ast-hfb-mobile-header-display":"","site-post-title":"","ast-breadcrumbs-content":"","ast-featured-img":"","footer-sml-layout":"","theme-transparent-header-meta":"default","adv-header-id-meta":"","stick-header-meta":"","header-above-stick-meta":"","header-main-stick-meta":"","header-below-stick-meta":"","_joinchat":[]},"product_cat":[54],"product_tag":[],"class_list":{"0":"post-5608","1":"product","2":"type-product","3":"status-publish","4":"has-post-thumbnail","6":"product_cat-casas","7":"desktop-align-left","8":"tablet-align-left","9":"mobile-align-left","11":"first","12":"instock","13":"featured","14":"virtual","15":"product-type-simple"},"aioseo_notices":[],"_links":{"self":[{"href":"https:\/\/asmsrl.ar\/index.php\/wp-json\/wp\/v2\/product\/5608","targetHints":{"allow":["GET"]}}],"collection":[{"href":"https:\/\/asmsrl.ar\/index.php\/wp-json\/wp\/v2\/product"}],"about":[{"href":"https:\/\/asmsrl.ar\/index.php\/wp-json\/wp\/v2\/types\/product"}],"replies":[{"embeddable":true,"href":"https:\/\/asmsrl.ar\/index.php\/wp-json\/wp\/v2\/comments?post=5608"}],"version-history":[{"count":2,"href":"https:\/\/asmsrl.ar\/index.php\/wp-json\/wp\/v2\/product\/5608\/revisions"}],"predecessor-version":[{"id":5618,"href":"https:\/\/asmsrl.ar\/index.php\/wp-json\/wp\/v2\/product\/5608\/revisions\/5618"}],"wp:featuredmedia":[{"embeddable":true,"href":"https:\/\/asmsrl.ar\/index.php\/wp-json\/wp\/v2\/media\/5616"}],"wp:attachment":[{"href":"https:\/\/asmsrl.ar\/index.php\/wp-json\/wp\/v2\/media?parent=5608"}],"wp:term":[{"taxonomy":"product_cat","embeddable":true,"href":"https:\/\/asmsrl.ar\/index.php\/wp-json\/wp\/v2\/product_cat?post=5608"},{"taxonomy":"product_tag","embeddable":true,"href":"https:\/\/asmsrl.ar\/index.php\/wp-json\/wp\/v2\/product_tag?post=5608"}],"curies":[{"name":"wp","href":"https:\/\/api.w.org\/{rel}","templated":true}]}}